{"id":1282,"date":"2020-02-21T15:39:34","date_gmt":"2020-02-21T14:39:34","guid":{"rendered":"https:\/\/www.chancental.com\/?page_id=1282"},"modified":"2022-11-22T10:05:51","modified_gmt":"2022-11-22T09:05:51","slug":"chances-check","status":"publish","type":"page","link":"https:\/\/www.chancental.com\/en\/services\/chances-barometer\/chances-check\/","title":{"rendered":"Chancen-Check"},"content":{"rendered":"<p><div class=\"fusion-fullwidth fullwidth-box fusion-builder-row-1 titelblock nonhundred-percent-fullwidth non-hundred-percent-height-scrolling fusion-equal-height-columns\" style=\"--awb-border-radius-top-left:0px;--awb-border-radius-top-right:0px;--awb-border-radius-bottom-right:0px;--awb-border-radius-bottom-left:0px;--awb-background-color:#1e3250;--awb-flex-wrap:wrap;\" ><div class=\"fusion-builder-row fusion-row\"><div class=\"fusion-layout-column fusion_builder_column fusion-builder-column-0 fusion_builder_column_2_3 2_3 fusion-two-third fusion-column-first\" style=\"--awb-bg-size:cover;width:66.666666666667%;width:calc(66.666666666667% - ( ( 4% ) * 0.66666666666667 ) );margin-right: 4%;\"><div class=\"fusion-column-wrapper fusion-column-has-shadow fusion-flex-column-wrapper-legacy\"><div class=\"fusion-column-content-centered\"><div class=\"fusion-column-content\"><div class=\"fusion-title title fusion-title-1 fusion-sep-none fusion-title-text fusion-title-size-one\" style=\"--awb-text-color:#f07328;--awb-font-size:14px;\"><h1 class=\"fusion-title-heading title-heading-left fusion-responsive-typography-calculated\" style=\"margin:0;font-size:1em;letter-spacing:1.5px;--fontSize:14;--minFontSize:14;line-height:1.14;\">Chances barometer<\/h1><\/div><div class=\"fusion-title title fusion-title-2 fusion-sep-none fusion-title-text fusion-title-size-two\" style=\"--awb-text-color:#ffffff;--awb-font-size:32px;\"><h2 class=\"fusion-title-heading title-heading-left fusion-responsive-typography-calculated\" style=\"margin:0;font-size:1em;letter-spacing:-0.5px;--fontSize:32;line-height:1.25;\">Step by step to the chance check.<\/h2><\/div><\/div><\/div><div class=\"fusion-clearfix\"><\/div><\/div><\/div><\/div><\/div><div class=\"fusion-fullwidth fullwidth-box fusion-builder-row-2 padding-high nonhundred-percent-fullwidth non-hundred-percent-height-scrolling\" style=\"--awb-border-radius-top-left:0px;--awb-border-radius-top-right:0px;--awb-border-radius-bottom-right:0px;--awb-border-radius-bottom-left:0px;--awb-flex-wrap:wrap;\" ><div class=\"fusion-builder-row fusion-row\"><div class=\"fusion-layout-column fusion_builder_column fusion-builder-column-1 fusion_builder_column_1_2 1_2 fusion-one-half fusion-column-first\" style=\"--awb-bg-size:cover;width:50%;width:calc(50% - ( ( 4% ) * 0.5 ) );margin-right: 4%;\"><div class=\"fusion-column-wrapper fusion-column-has-shadow fusion-flex-column-wrapper-legacy\"><div class=\"fusion-text fusion-text-1\"><div id=\"multi-step-form\" class=\"fw-wizard\" data-stepCount=\"5\" data-wizardid=\"1\">\n    <div class=\"fw-wizard-step-header-container\">\n        <div class=\"fw-container\" data-redirect=\"\">\n                <div class=\"fw-wizard-step-header\" data-stepId=\"0\">\n            <span class=\"msf-h2\"><\/span>\n            <p class=\"fw-copytext\"><\/p>\n        <\/div>\n                <div class=\"fw-wizard-step-header\" data-stepId=\"1\">\n            <span class=\"msf-h2\"><\/span>\n            <p class=\"fw-copytext\"><\/p>\n        <\/div>\n                <div class=\"fw-wizard-step-header\" data-stepId=\"2\">\n            <span class=\"msf-h2\"><\/span>\n            <p class=\"fw-copytext\"><\/p>\n        <\/div>\n                <div class=\"fw-wizard-step-header\" data-stepId=\"3\">\n            <span class=\"msf-h2\"><\/span>\n            <p class=\"fw-copytext\"><\/p>\n        <\/div>\n                <div class=\"fw-wizard-step-header\" data-stepId=\"4\">\n            <span class=\"msf-h2\"><\/span>\n            <p class=\"fw-copytext\"><\/p>\n        <\/div>\n                <\/div>\n    <\/div>\n    <div class=\"fw-progress-bar-container \">\n        <div class=\"fw-container\">\n    <div class=\"fw-progress-wrap\">\n    <ul class=\"fw-progress-bar\"\n        data-activecolor=\"#f07328\"\n        data-donecolor=\"#f07328\"\n        data-nextcolor=\"#dce0e6\"\n        data-buttoncolor=\"#f07328\">\n                <li class=\"fw-progress-step\"\n            data-id=\"0\">\n            <span class=\"fw-progress-bar-bar\"><\/span>\n            <span class=\"fw-txt-ellipsis\" data-title=\"Schritt 1\">Schritt 1<\/span>\n                    <\/li>\n                    <li class=\"fw-progress-step\"\n            data-id=\"1\">\n            <span class=\"fw-progress-bar-bar\"><\/span>\n            <span class=\"fw-txt-ellipsis\" data-title=\"Schritt 2\">Schritt 2<\/span>\n                    <\/li>\n                    <li class=\"fw-progress-step\"\n            data-id=\"2\">\n            <span class=\"fw-progress-bar-bar\"><\/span>\n            <span class=\"fw-txt-ellipsis\" data-title=\"Schritt 3\">Schritt 3<\/span>\n                    <\/li>\n                    <li class=\"fw-progress-step\"\n            data-id=\"3\">\n            <span class=\"fw-progress-bar-bar\"><\/span>\n            <span class=\"fw-txt-ellipsis\" data-title=\"Schritt 4\">Schritt 4<\/span>\n                    <\/li>\n                    <li class=\"fw-progress-step\"\n            data-id=\"4\">\n            <span class=\"fw-progress-bar-bar\"><\/span>\n            <span class=\"fw-txt-ellipsis\" data-title=\"Schritt 5\">Schritt 5<\/span>\n                    <\/li>\n                <\/ul>\n<\/div>\n        <\/div>\n    <\/div>\n    <div class=\"fw-wizard-step-container\">\n        <div class=\"fw-container\">\n                    <div class=\"fw-wizard-step\" data-stepId=\"0\">\n                <div class=\"fw-step-part  fw-plain-layout\" data-partId=\"0\">\n\t<span class=\"fw-step-part-title \">\n\t\t\tKontaktaufnahme\t<\/span>\n\t<div class=\"fw-clearfix\"><\/div>\n\t<div class=\"fw-step-part-body\">\n\t\t\t\t\t\t\t\t\t<div class=\"fw-step-block\" data-blockId=\"1\" data-type=\"fw-paragraph\">\n\t\t\t<div class=\"fw-paragraph-container\">\n\t\t\t\t<br \/><strong>Nehmen Sie mit uns Kontakt auf.<\/strong><br \/>Ganz einfach per Telefon oder E-Mail.<br \/><br \/>\n<span class=\"copy-big\">+41 79 8 773 774<\/span><br \/>\n<a class=\"copy-big orange\" style=\"margin-top:10px\" target=\"_self\" href=\"mailto:heiko@chancental.com\">heiko@chancental.com<\/a>\t\t\t<\/div>\n\t\t\t<div class=\"fw-clearfix\"><\/div>\n\t\t<\/div>\n\t\t\t\t\t\t<\/div>\n<\/div>\n\t\t\t                <div class=\"fw-clearfix\"><\/div>\n            <\/div>\n                        <div class=\"fw-wizard-step\" data-stepId=\"1\">\n                <div class=\"fw-step-part  fw-plain-layout\" data-partId=\"0\">\n\t<span class=\"fw-step-part-title \">\n\t\t\tDatenschutz\t<\/span>\n\t<div class=\"fw-clearfix\"><\/div>\n\t<div class=\"fw-step-part-body\">\n\t\t\t\t\t\t\t\t\t<div class=\"fw-step-block\" data-blockId=\"1\" data-type=\"fw-paragraph\">\n\t\t\t<div class=\"fw-paragraph-container\">\n\t\t\t\t<br \/><strong>Sie erhalten von uns eine Geheimhaltungsvereinbarung<\/strong>, damit Sie sicher sein k\u00f6nnen, dass alle Ihre Daten von uns vertraulich behandelt werden.\t\t\t<\/div>\n\t\t\t<div class=\"fw-clearfix\"><\/div>\n\t\t<\/div>\n\t\t\t\t\t\t<\/div>\n<\/div>\n\t\t\t                <div class=\"fw-clearfix\"><\/div>\n            <\/div>\n                        <div class=\"fw-wizard-step\" data-stepId=\"2\">\n                <div class=\"fw-step-part  fw-plain-layout\" data-partId=\"0\">\n\t<span class=\"fw-step-part-title \">\n\t\t\tIhre Kennzahlen\t<\/span>\n\t<div class=\"fw-clearfix\"><\/div>\n\t<div class=\"fw-step-part-body\">\n\t\t\t\t\t\t\t\t\t<div class=\"fw-step-block\" data-blockId=\"1\" data-type=\"fw-paragraph\">\n\t\t\t<div class=\"fw-paragraph-container\">\n\t\t\t\t<br \/><strong>Wir schicken Ihnen eine Excel-Vorlage<\/strong>, in die Sie Kennzahlen wie Umsatz pro Kunden und Daten zu Ihrer Industrie eintragen. \t\t\t<\/div>\n\t\t\t<div class=\"fw-clearfix\"><\/div>\n\t\t<\/div>\n\t\t\t\t\t\t<\/div>\n<\/div>\n\t\t\t                <div class=\"fw-clearfix\"><\/div>\n            <\/div>\n                        <div class=\"fw-wizard-step\" data-stepId=\"3\">\n                <div class=\"fw-step-part  fw-plain-layout\" data-partId=\"0\">\n\t<span class=\"fw-step-part-title \">\n\t\t\tReadiness-Check\t<\/span>\n\t<div class=\"fw-clearfix\"><\/div>\n\t<div class=\"fw-step-part-body\">\n\t\t\t\t\t\t\t\t\t<div class=\"fw-step-block\" data-blockId=\"1\" data-type=\"fw-paragraph\">\n\t\t\t<div class=\"fw-paragraph-container\">\n\t\t\t\t<br \/><strong>Sie senden uns die ausgef\u00fcllte Vorlage zur\u00fcck<\/strong> und erhalten am darauffolgenden Tag von uns eine Auswertung in Form eines <strong>\u00abReadiness-Check\u00bb<\/strong>\t\t\t<\/div>\n\t\t\t<div class=\"fw-clearfix\"><\/div>\n\t\t<\/div>\n\t\t\t\t\t\t<\/div>\n<\/div>\n\t\t\t                <div class=\"fw-clearfix\"><\/div>\n            <\/div>\n                        <div class=\"fw-wizard-step\" data-stepId=\"4\">\n                <div class=\"fw-step-part  fw-plain-layout\" data-partId=\"0\">\n\t<span class=\"fw-step-part-title \">\n\t\t\tBeratungstermin\t<\/span>\n\t<div class=\"fw-clearfix\"><\/div>\n\t<div class=\"fw-step-part-body\">\n\t\t\t\t\t\t\t\t\t<div class=\"fw-step-block\" data-blockId=\"1\" data-type=\"fw-paragraph\">\n\t\t\t<div class=\"fw-paragraph-container\">\n\t\t\t\t<br \/><strong>Sie vereinbaren einen telefonischen Beratungstermin mit uns.<\/strong> Unsere Experten erkl\u00e4ren Ihnen per Video- oder Telefonkonferenz, wo Sie gerade stehen und welche Stellschrauben f\u00fcr die Optimierung wir sehen bzw. was wir Ihnen empfehlen w\u00fcrden.<br \/><br \/>\n<strong>Kontaktieren Sie uns:<\/strong><br \/><br \/>\n<span class=\"copy-big\">+41 79 8 773 774<\/span><br \/>\n<a class=\"copy-big orange\" style=\"margin-top:10px\" target=\"_self\" href=\"mailto:heiko@chancental.com\">heiko@chancental.com<\/a>\t\t\t<\/div>\n\t\t\t<div class=\"fw-clearfix\"><\/div>\n\t\t<\/div>\n\t\t\t\t\t\t<\/div>\n<\/div>\n\t\t\t                    <button type=\"button\" class=\"fw-btn-submit\">Submit<\/button>\n                                <div class=\"fw-clearfix\"><\/div>\n            <\/div>\n                    <\/div>\n    <\/div>\n        <div class=\"fw-wizard-button-container\">\n        <div class=\"fw-container\">\n            <div class=\"fw-wizard-buttons\">\n                <button class=\"fw-button-previous\"><i class=\"fa fa-arrow-circle-left\" aria-hidden=\"true\"><\/i> &nbsp;Previous Step<\/button>\n                <button class=\"fw-button-next\">Next Step &nbsp;<i class=\"fa fa-arrow-circle-right\" aria-hidden=\"true\"><\/i><\/button>\n            <\/div>\n        <\/div>\n    <\/div>\n        <div class=\"fw-alert-user\" style=\"display:none;\"><\/div>\n<\/div>\n\n<\/div><div class=\"fusion-sep-clear\"><\/div><div class=\"fusion-separator fusion-full-width-sep separator-parallax invisible\" style=\"margin-left: auto;margin-right: auto;width:100%;\"><\/div><div class=\"fusion-sep-clear\"><\/div><div class=\"fusion-clearfix\"><\/div><\/div><\/div><div class=\"fusion-layout-column fusion_builder_column fusion-builder-column-2 fusion_builder_column_1_2 1_2 fusion-one-half fusion-column-last\" style=\"--awb-bg-size:cover;width:50%;width:calc(50% - ( ( 4% ) * 0.5 ) );\"><div class=\"fusion-column-wrapper fusion-column-has-shadow fusion-flex-column-wrapper-legacy\"><div class=\"fusion-text fusion-text-2\"><h4>Talk directly? Arrange for a free 30 minute phone check<\/h4>\n<\/div><!-- Calendly Inline-Widget Beginn -->\n<div class=\"calendly-inline-widget\" data-url=\"https:\/\/calendly.com\/chancental\/30min\" style=\"min-width:320px;height:630px;\"><\/div>\n<script type=\"text\/javascript\" src=\"https:\/\/assets.calendly.com\/assets\/external\/widget.js\"><\/script>\n<!-- Calendly Inline-Widget Ende --><div class=\"fusion-clearfix\"><\/div><\/div><\/div><\/div><\/div><div class=\"fusion-fullwidth fullwidth-box fusion-builder-row-3 invisible nonhundred-percent-fullwidth non-hundred-percent-height-scrolling fusion-equal-height-columns\" style=\"--awb-border-radius-top-left:0px;--awb-border-radius-top-right:0px;--awb-border-radius-bottom-right:0px;--awb-border-radius-bottom-left:0px;--awb-padding-top:7%;--awb-padding-bottom:7%;--awb-background-color:#dce0e6;--awb-flex-wrap:wrap;\" ><div class=\"fusion-builder-row fusion-row\"><div class=\"fusion-layout-column fusion_builder_column fusion-builder-column-3 fusion_builder_column_2_5 2_5 fusion-two-fifth fusion-column-first fusion-animated\" style=\"--awb-bg-size:cover;width:40%;width:calc(40% - ( ( 4% ) * 0.4 ) );margin-right: 4%;\" data-animationType=\"fadeInRight\" data-animationDuration=\"0.7\" data-animationOffset=\"top-into-view\"><div class=\"fusion-column-wrapper fusion-column-has-shadow fusion-flex-column-wrapper-legacy\"><div class=\"fusion-title title fusion-title-3 fusion-sep-none fusion-title-text fusion-title-size-three width-80 seperator-icon\" style=\"--awb-margin-top:0px;--awb-margin-bottom:0px;\"><h3 class=\"fusion-title-heading title-heading-left fusion-responsive-typography-calculated\" style=\"margin:0;--fontSize:32;line-height:1.25;\">Why did we develop the chances barometer?<\/h3><\/div><div class=\"fusion-clearfix\"><\/div><\/div><\/div><div class=\"fusion-layout-column fusion_builder_column fusion-builder-column-4 fusion_builder_column_3_5 3_5 fusion-three-fifth fusion-column-last box_white fusion-column-inner-bg-wrapper fusion-column-hover-type-liftup fusion-column-liftup-border fusion-animated\" style=\"--awb-inner-bg-color:#ffffff;--awb-inner-bg-color-hover:#ffffff;--awb-inner-bg-size:cover;--awb-border-color:#ffffff;--awb-inner-border-color:#ffffff;--awb-border-top:0;--awb-inner-border-top:0;--awb-border-right:0;--awb-inner-border-right:0;--awb-border-bottom:0;--awb-inner-border-bottom:0;--awb-border-left:0;--awb-inner-border-left:0;--awb-border-style:solid;--awb-inner-border-style:solid;--awb-margin-bottom:1px;width:60%;width:calc(60% - ( ( 4% ) * 0.6 ) );\" data-animationType=\"fadeIn\" data-animationDuration=\"0.8\" data-animationOffset=\"top-into-view\"><span class=\"fusion-column-inner-bg hover-type-liftup\"><span class=\"fusion-column-anchor\"><span class=\"fusion-column-inner-bg-image\"><\/span><\/span><\/span><div class=\"fusion-column-wrapper fusion-flex-column-wrapper-legacy\"><div class=\"fusion-title title fusion-title-4 fusion-sep-none fusion-title-text fusion-title-size-four width-80\" style=\"--awb-margin-top:0px;\"><h4 class=\"fusion-title-heading title-heading-left fusion-responsive-typography-calculated\" style=\"margin:0;--fontSize:24;--minFontSize:24;line-height:1.25;\">Our customers have repeatedly confronted us with the following questions:<\/h4><\/div><div class=\"fusion-text fusion-text-3\"><ul>\n<li>Does our sales force go to the &#8220;right&#8221; customers?<\/li>\n<li>Do we have the right sales representatives?<\/li>\n<li>Are we exploiting our potential according to our planning?<\/li>\n<li>What goals can we achieve with our customers?<\/li>\n<\/ul>\n<\/div><div class=\"fusion-sep-clear\"><\/div><div class=\"fusion-separator fusion-full-width-sep\" style=\"margin-left: auto;margin-right: auto;margin-top:30px;width:100%;\"><\/div><div class=\"fusion-sep-clear\"><\/div><div class=\"fusion-text fusion-text-4\"><p>To answer these questions,<br \/>\nwe have developed the chances barometer.<\/p>\n<\/div><div class=\"fusion-sep-clear\"><\/div><div class=\"fusion-separator fusion-full-width-sep\" style=\"margin-left: auto;margin-right: auto;margin-top:30px;width:100%;\"><\/div><div class=\"fusion-sep-clear\"><\/div><div class=\"fusion-button-wrapper\"><a class=\"fusion-button button-flat button-xlarge button-default fusion-button-default button-1 fusion-button-default-span fusion-button-default-type fusion-animated btn-abstand-rechts\" style=\"--button-border-radius-top-left:25px;--button-border-radius-top-right:25px;--button-border-radius-bottom-right:25px;--button-border-radius-bottom-left:25px;\" data-animationType=\"fadeInUp\" data-animationDuration=\"0.7\" data-animationOffset=\"top-into-view\" target=\"_self\"><span class=\"fusion-button-text awb-button__text awb-button__text--default\">Do the chances check<\/span><\/a><\/div><div class=\"fusion-sep-clear\"><\/div><div class=\"fusion-separator fusion-full-width-sep\" style=\"margin-left: auto;margin-right: auto;margin-top:20px;width:100%;\"><\/div><div class=\"fusion-sep-clear\"><\/div><div class=\"fusion-clearfix\"><\/div><\/div><\/div><\/div><\/div><\/p>\n","protected":false},"excerpt":{"rendered":"","protected":false},"author":4,"featured_media":0,"parent":1281,"menu_order":0,"comment_status":"closed","ping_status":"closed","template":"100-width.php","meta":{"content-type":"","footnotes":""},"class_list":["post-1282","page","type-page","status-publish","hentry"],"yoast_head":"<!-- This site is optimized with the Yoast SEO plugin v27.5 - https:\/\/yoast.com\/product\/yoast-seo-wordpress\/ -->\n<title>Chancen-Check | CHANCENTAL WORKS<\/title>\n<meta name=\"robots\" content=\"index, follow, max-snippet:-1, max-image-preview:large, max-video-preview:-1\" \/>\n<link rel=\"canonical\" href=\"https:\/\/www.chancental.com\/en\/services\/chances-barometer\/chances-check\/\" \/>\n<meta name=\"twitter:label1\" content=\"Est. reading time\" \/>\n\t<meta name=\"twitter:data1\" content=\"9 minutes\" \/>\n<script type=\"application\/ld+json\" class=\"yoast-schema-graph\">{\"@context\":\"https:\\\/\\\/schema.org\",\"@graph\":[{\"@type\":\"WebPage\",\"@id\":\"https:\\\/\\\/www.chancental.com\\\/en\\\/services\\\/chances-barometer\\\/chances-check\\\/\",\"url\":\"https:\\\/\\\/www.chancental.com\\\/en\\\/services\\\/chances-barometer\\\/chances-check\\\/\",\"name\":\"Chancen-Check | CHANCENTAL WORKS\",\"isPartOf\":{\"@id\":\"https:\\\/\\\/www.chancental.com\\\/en\\\/#website\"},\"datePublished\":\"2020-02-21T14:39:34+00:00\",\"dateModified\":\"2022-11-22T09:05:51+00:00\",\"breadcrumb\":{\"@id\":\"https:\\\/\\\/www.chancental.com\\\/en\\\/services\\\/chances-barometer\\\/chances-check\\\/#breadcrumb\"},\"inLanguage\":\"en-US\",\"potentialAction\":[{\"@type\":\"ReadAction\",\"target\":[\"https:\\\/\\\/www.chancental.com\\\/en\\\/services\\\/chances-barometer\\\/chances-check\\\/\"]}]},{\"@type\":\"BreadcrumbList\",\"@id\":\"https:\\\/\\\/www.chancental.com\\\/en\\\/services\\\/chances-barometer\\\/chances-check\\\/#breadcrumb\",\"itemListElement\":[{\"@type\":\"ListItem\",\"position\":1,\"name\":\"Startseite\",\"item\":\"https:\\\/\\\/www.chancental.com\\\/en\\\/home-2\\\/\"},{\"@type\":\"ListItem\",\"position\":2,\"name\":\"Services: How can I secure the future of my business\",\"item\":\"https:\\\/\\\/www.chancental.com\\\/en\\\/services\\\/\"},{\"@type\":\"ListItem\",\"position\":3,\"name\":\"Chances barometer\",\"item\":\"https:\\\/\\\/www.chancental.com\\\/en\\\/services\\\/chances-barometer\\\/\"},{\"@type\":\"ListItem\",\"position\":4,\"name\":\"Chancen-Check\"}]},{\"@type\":\"WebSite\",\"@id\":\"https:\\\/\\\/www.chancental.com\\\/en\\\/#website\",\"url\":\"https:\\\/\\\/www.chancental.com\\\/en\\\/\",\"name\":\"CHANCENTAL WORKS\",\"description\":\"Wir entwickeln f\u00fcr jeden Kunden eine eigene Vertriebsstrategie. Damit verbessern Sie Ihr Gesch\u00e4ftsergebnis nachhaltig. Mit Einsatz von Applikationen und Methoden, berechnen wir Potentiale Ihres Produktmarktes oder entdecken neue Gesch\u00e4ftsfelder.\",\"publisher\":{\"@id\":\"https:\\\/\\\/www.chancental.com\\\/en\\\/#organization\"},\"potentialAction\":[{\"@type\":\"SearchAction\",\"target\":{\"@type\":\"EntryPoint\",\"urlTemplate\":\"https:\\\/\\\/www.chancental.com\\\/en\\\/?s={search_term_string}\"},\"query-input\":{\"@type\":\"PropertyValueSpecification\",\"valueRequired\":true,\"valueName\":\"search_term_string\"}}],\"inLanguage\":\"en-US\"},{\"@type\":\"Organization\",\"@id\":\"https:\\\/\\\/www.chancental.com\\\/en\\\/#organization\",\"name\":\"Chancental Works GmbH\",\"url\":\"https:\\\/\\\/www.chancental.com\\\/en\\\/\",\"logo\":{\"@type\":\"ImageObject\",\"inLanguage\":\"en-US\",\"@id\":\"https:\\\/\\\/www.chancental.com\\\/en\\\/#\\\/schema\\\/logo\\\/image\\\/\",\"url\":\"https:\\\/\\\/www.chancental.com\\\/wp-content\\\/uploads\\\/2019\\\/10\\\/02_base_horizontal-1.jpg\",\"contentUrl\":\"https:\\\/\\\/www.chancental.com\\\/wp-content\\\/uploads\\\/2019\\\/10\\\/02_base_horizontal-1.jpg\",\"width\":1639,\"height\":397,\"caption\":\"Chancental Works GmbH\"},\"image\":{\"@id\":\"https:\\\/\\\/www.chancental.com\\\/en\\\/#\\\/schema\\\/logo\\\/image\\\/\"},\"sameAs\":[\"https:\\\/\\\/www.facebook.com\\\/chancental\\\/\",\"https:\\\/\\\/x.com\\\/ootb_tt\",\"https:\\\/\\\/www.linkedin.com\\\/company\\\/chancental-works\"]}]}<\/script>\n<!-- \/ Yoast SEO plugin. -->","yoast_head_json":{"title":"Chancen-Check | CHANCENTAL WORKS","robots":{"index":"index","follow":"follow","max-snippet":"max-snippet:-1","max-image-preview":"max-image-preview:large","max-video-preview":"max-video-preview:-1"},"canonical":"https:\/\/www.chancental.com\/en\/services\/chances-barometer\/chances-check\/","twitter_misc":{"Est. reading time":"9 minutes"},"schema":{"@context":"https:\/\/schema.org","@graph":[{"@type":"WebPage","@id":"https:\/\/www.chancental.com\/en\/services\/chances-barometer\/chances-check\/","url":"https:\/\/www.chancental.com\/en\/services\/chances-barometer\/chances-check\/","name":"Chancen-Check | CHANCENTAL WORKS","isPartOf":{"@id":"https:\/\/www.chancental.com\/en\/#website"},"datePublished":"2020-02-21T14:39:34+00:00","dateModified":"2022-11-22T09:05:51+00:00","breadcrumb":{"@id":"https:\/\/www.chancental.com\/en\/services\/chances-barometer\/chances-check\/#breadcrumb"},"inLanguage":"en-US","potentialAction":[{"@type":"ReadAction","target":["https:\/\/www.chancental.com\/en\/services\/chances-barometer\/chances-check\/"]}]},{"@type":"BreadcrumbList","@id":"https:\/\/www.chancental.com\/en\/services\/chances-barometer\/chances-check\/#breadcrumb","itemListElement":[{"@type":"ListItem","position":1,"name":"Startseite","item":"https:\/\/www.chancental.com\/en\/home-2\/"},{"@type":"ListItem","position":2,"name":"Services: How can I secure the future of my business","item":"https:\/\/www.chancental.com\/en\/services\/"},{"@type":"ListItem","position":3,"name":"Chances barometer","item":"https:\/\/www.chancental.com\/en\/services\/chances-barometer\/"},{"@type":"ListItem","position":4,"name":"Chancen-Check"}]},{"@type":"WebSite","@id":"https:\/\/www.chancental.com\/en\/#website","url":"https:\/\/www.chancental.com\/en\/","name":"CHANCENTAL WORKS","description":"Wir entwickeln f\u00fcr jeden Kunden eine eigene Vertriebsstrategie. Damit verbessern Sie Ihr Gesch\u00e4ftsergebnis nachhaltig. Mit Einsatz von Applikationen und Methoden, berechnen wir Potentiale Ihres Produktmarktes oder entdecken neue Gesch\u00e4ftsfelder.","publisher":{"@id":"https:\/\/www.chancental.com\/en\/#organization"},"potentialAction":[{"@type":"SearchAction","target":{"@type":"EntryPoint","urlTemplate":"https:\/\/www.chancental.com\/en\/?s={search_term_string}"},"query-input":{"@type":"PropertyValueSpecification","valueRequired":true,"valueName":"search_term_string"}}],"inLanguage":"en-US"},{"@type":"Organization","@id":"https:\/\/www.chancental.com\/en\/#organization","name":"Chancental Works GmbH","url":"https:\/\/www.chancental.com\/en\/","logo":{"@type":"ImageObject","inLanguage":"en-US","@id":"https:\/\/www.chancental.com\/en\/#\/schema\/logo\/image\/","url":"https:\/\/www.chancental.com\/wp-content\/uploads\/2019\/10\/02_base_horizontal-1.jpg","contentUrl":"https:\/\/www.chancental.com\/wp-content\/uploads\/2019\/10\/02_base_horizontal-1.jpg","width":1639,"height":397,"caption":"Chancental Works GmbH"},"image":{"@id":"https:\/\/www.chancental.com\/en\/#\/schema\/logo\/image\/"},"sameAs":["https:\/\/www.facebook.com\/chancental\/","https:\/\/x.com\/ootb_tt","https:\/\/www.linkedin.com\/company\/chancental-works"]}]}},"jetpack_sharing_enabled":true,"_links":{"self":[{"href":"https:\/\/www.chancental.com\/en\/wp-json\/wp\/v2\/pages\/1282","targetHints":{"allow":["GET"]}}],"collection":[{"href":"https:\/\/www.chancental.com\/en\/wp-json\/wp\/v2\/pages"}],"about":[{"href":"https:\/\/www.chancental.com\/en\/wp-json\/wp\/v2\/types\/page"}],"author":[{"embeddable":true,"href":"https:\/\/www.chancental.com\/en\/wp-json\/wp\/v2\/users\/4"}],"replies":[{"embeddable":true,"href":"https:\/\/www.chancental.com\/en\/wp-json\/wp\/v2\/comments?post=1282"}],"version-history":[{"count":0,"href":"https:\/\/www.chancental.com\/en\/wp-json\/wp\/v2\/pages\/1282\/revisions"}],"up":[{"embeddable":true,"href":"https:\/\/www.chancental.com\/en\/wp-json\/wp\/v2\/pages\/1281"}],"wp:attachment":[{"href":"https:\/\/www.chancental.com\/en\/wp-json\/wp\/v2\/media?parent=1282"}],"curies":[{"name":"wp","href":"https:\/\/api.w.org\/{rel}","templated":true}]}}